{"id":25481,"date":"2019-04-08T12:25:14","date_gmt":"2019-04-08T15:25:14","guid":{"rendered":"https:\/\/espaconovo.com\/page-not-found\/"},"modified":"2023-07-04T16:05:03","modified_gmt":"2023-07-04T19:05:03","slug":"page-not-found","status":"publish","type":"page","link":"https:\/\/espaconovo.com\/en\/page-not-found\/","title":{"rendered":"page not found"},"content":{"rendered":"<section class=\"wpb-content-wrapper\"><p>[vc_row full_width=&#8221;stretch_row&#8221; full_height=&#8221;yes&#8221; css=&#8221;.vc_custom_1554726381532{margin-bottom: 0px !important;background-position: center !important;background-repeat: no-repeat !important;background-size: cover !important;}&#8221;][vc_column offset=&#8221;vc_col-lg-offset-2 vc_col-lg-8&#8243;]<div class=\"gem-textbox  centered-box\"  ><div class=\"gem-textbox-inner\" style=\"\"><div class=\"gem-textbox-content\" style=\"background-position: center top;padding-top: 100px;padding-bottom: 100px;padding-left: 0px;padding-right: 0px;\">[vc_raw_html]PHN2ZyB2aWV3Ym94PSIwIDAgNjAwIDE3MCI+CgogIDwhLS0gR3JhZGllbnQgLS0+CiAgPGxpbmVhcmdyYWRpZW50IGlkPSJnci1zaW1wbGUiIHgxPSIwIiB5MT0iMCIgeDI9IjEwMCUiIHkyPSIxMDAlIj4KICAgIDxzdG9wIHN0b3AtY29sb3I9IiNlNWJmOTMiIG9mZnNldD0iMCUiLz4KICAgIDxzdG9wIHN0b3AtY29sb3I9IiNlNWJmOTMiIG9mZnNldD0iMTAwJSIvPgogIDwvbGluZWFyZ3JhZGllbnQ+CgogIDwhLS0gVGV4dCAtLT4KICA8dGV4dCB0ZXh0LWFuY2hvcj0ibWlkZGxlIiB4PSI1MCUiIHk9IjUwJSIgZHk9Ii4zNWVtIiBjbGFzcz0idGV4dCB0aXRsZS1oMSBsaWdodCIgc3R5bGU9ImZpbGw6IHVybCgjZ3Itc2ltcGxlKTsgZm9udC1zaXplOiAyMzBweDsgbGluZS1oZWlnaHQ6IDE7Ij4KICAgIDQwNAogIDwvdGV4dD4KPC9zdmc+[\/vc_raw_html][vc_column_text]<\/p>\n<div class=\"title-h1\">PAGE NOT FOUND<\/div>\n<p>[\/vc_column_text][vc_column_text]<\/p>\n<div class=\"styled-subtitle\">The page you are looking for does not exist. For more information, visit our <a style=\"color: #ffffff; background-color: #e5bf93; padding: 2px 10px;\" href=\"https:\/\/espaconovo.com\/en\/\">home page.<\/a><\/div>\n<div><\/div>\n<p>[\/vc_column_text]<\/div><\/div><\/div>[\/vc_column][\/vc_row]<\/p>\n<\/section>","protected":false},"excerpt":{"rendered":"<p>[vc_row full_width=&#8221;stretch_row&#8221; full_height=&#8221;yes&#8221; css=&#8221;.vc_custom_1554726381532{margin-bottom: 0px !important;background-position: center !important;background-repeat: no-repeat !important;background-size: cover !important;}&#8221;][vc_column offset=&#8221;vc_col-lg-offset-2 vc_col-lg-8&#8243;][\/vc_column][\/vc_row]<\/p>\n","protected":false},"author":1,"featured_media":0,"parent":0,"menu_order":0,"comment_status":"closed","ping_status":"closed","template":"","meta":[],"yoast_head":"<!-- This site is optimized with the Yoast SEO plugin v20.10 - https:\/\/yoast.com\/wordpress\/plugins\/seo\/ -->\n<title>page not found | espa\u00e7onovo arquitetura<\/title>\n<meta name=\"description\" content=\"404. Page not found. The page you are looking for does not exist. For more information, visit our home page.\" \/>\n<meta name=\"robots\" content=\"index, follow, max-snippet:-1, max-image-preview:large, max-video-preview:-1\" \/>\n<link rel=\"canonical\" href=\"https:\/\/espaconovo.com\/en\/page-not-found\/\" \/>\n<meta property=\"og:locale\" content=\"en_US\" \/>\n<meta property=\"og:type\" content=\"article\" \/>\n<meta property=\"og:title\" content=\"page not found | espa\u00e7onovo arquitetura\" \/>\n<meta property=\"og:description\" content=\"404. Page not found. The page you are looking for does not exist. For more information, visit our home page.\" \/>\n<meta property=\"og:url\" content=\"https:\/\/espaconovo.com\/en\/page-not-found\/\" \/>\n<meta property=\"og:site_name\" content=\"espa\u00e7onovo arquitetura\" \/>\n<meta property=\"article:publisher\" content=\"https:\/\/www.facebook.com\/espaconovoarq\/\" \/>\n<meta property=\"article:modified_time\" content=\"2023-07-04T19:05:03+00:00\" \/>\n<meta name=\"twitter:card\" content=\"summary_large_image\" \/>\n<meta name=\"twitter:label1\" content=\"Est. reading time\" \/>\n\t<meta name=\"twitter:data1\" content=\"1 minute\" \/>\n<script type=\"application\/ld+json\" class=\"yoast-schema-graph\">{\"@context\":\"https:\/\/schema.org\",\"@graph\":[{\"@type\":\"WebPage\",\"@id\":\"https:\/\/espaconovo.com\/en\/page-not-found\/\",\"url\":\"https:\/\/espaconovo.com\/en\/page-not-found\/\",\"name\":\"page not found | espa\u00e7onovo arquitetura\",\"isPartOf\":{\"@id\":\"https:\/\/espaconovo.com\/en\/#website\"},\"datePublished\":\"2019-04-08T15:25:14+00:00\",\"dateModified\":\"2023-07-04T19:05:03+00:00\",\"description\":\"404. Page not found. The page you are looking for does not exist. For more information, visit our home page.\",\"breadcrumb\":{\"@id\":\"https:\/\/espaconovo.com\/en\/page-not-found\/#breadcrumb\"},\"inLanguage\":\"en-US\",\"potentialAction\":[{\"@type\":\"ReadAction\",\"target\":[\"https:\/\/espaconovo.com\/en\/page-not-found\/\"]}]},{\"@type\":\"BreadcrumbList\",\"@id\":\"https:\/\/espaconovo.com\/en\/page-not-found\/#breadcrumb\",\"itemListElement\":[{\"@type\":\"ListItem\",\"position\":1,\"name\":\"In\u00edcio\",\"item\":\"https:\/\/espaconovo.com\/en\/\"},{\"@type\":\"ListItem\",\"position\":2,\"name\":\"page not found\"}]},{\"@type\":\"WebSite\",\"@id\":\"https:\/\/espaconovo.com\/en\/#website\",\"url\":\"https:\/\/espaconovo.com\/en\/\",\"name\":\"espa\u00e7onovo arquitetura\",\"description\":\"Somos uma empresa de arquitetura especializada em projetos de varejo, desde a cria\u00e7\u00e3o do conceito da loja at\u00e9 a sua implanta\u00e7\u00e3o final.\",\"publisher\":{\"@id\":\"https:\/\/espaconovo.com\/en\/#organization\"},\"alternateName\":\"espa\u00e7onovo arquitetura\",\"potentialAction\":[{\"@type\":\"SearchAction\",\"target\":{\"@type\":\"EntryPoint\",\"urlTemplate\":\"https:\/\/espaconovo.com\/en\/?s={search_term_string}\"},\"query-input\":\"required name=search_term_string\"}],\"inLanguage\":\"en-US\"},{\"@type\":\"Organization\",\"@id\":\"https:\/\/espaconovo.com\/en\/#organization\",\"name\":\"espa\u00e7onovo arquitetura\",\"alternateName\":\"espa\u00e7onovo arquitetura\",\"url\":\"https:\/\/espaconovo.com\/en\/\",\"logo\":{\"@type\":\"ImageObject\",\"inLanguage\":\"en-US\",\"@id\":\"https:\/\/espaconovo.com\/en\/#\/schema\/logo\/image\/\",\"url\":\"https:\/\/espaconovo.com\/wp-content\/uploads\/2022\/10\/espaconovo-logo-3.png\",\"contentUrl\":\"https:\/\/espaconovo.com\/wp-content\/uploads\/2022\/10\/espaconovo-logo-3.png\",\"width\":2479,\"height\":939,\"caption\":\"espa\u00e7onovo arquitetura\"},\"image\":{\"@id\":\"https:\/\/espaconovo.com\/en\/#\/schema\/logo\/image\/\"},\"sameAs\":[\"https:\/\/www.facebook.com\/espaconovoarq\/\",\"https:\/\/www.instagram.com\/espaconovoarq\/\",\"https:\/\/goo.gl\/maps\/cyEdC9Un6nqjq8dL8\"]}]}<\/script>\n<!-- \/ Yoast SEO plugin. -->","yoast_head_json":{"title":"page not found | espa\u00e7onovo arquitetura","description":"404. Page not found. The page you are looking for does not exist. For more information, visit our home page.","robots":{"index":"index","follow":"follow","max-snippet":"max-snippet:-1","max-image-preview":"max-image-preview:large","max-video-preview":"max-video-preview:-1"},"canonical":"https:\/\/espaconovo.com\/en\/page-not-found\/","og_locale":"en_US","og_type":"article","og_title":"page not found | espa\u00e7onovo arquitetura","og_description":"404. Page not found. The page you are looking for does not exist. For more information, visit our home page.","og_url":"https:\/\/espaconovo.com\/en\/page-not-found\/","og_site_name":"espa\u00e7onovo arquitetura","article_publisher":"https:\/\/www.facebook.com\/espaconovoarq\/","article_modified_time":"2023-07-04T19:05:03+00:00","twitter_card":"summary_large_image","twitter_misc":{"Est. reading time":"1 minute"},"schema":{"@context":"https:\/\/schema.org","@graph":[{"@type":"WebPage","@id":"https:\/\/espaconovo.com\/en\/page-not-found\/","url":"https:\/\/espaconovo.com\/en\/page-not-found\/","name":"page not found | espa\u00e7onovo arquitetura","isPartOf":{"@id":"https:\/\/espaconovo.com\/en\/#website"},"datePublished":"2019-04-08T15:25:14+00:00","dateModified":"2023-07-04T19:05:03+00:00","description":"404. Page not found. The page you are looking for does not exist. For more information, visit our home page.","breadcrumb":{"@id":"https:\/\/espaconovo.com\/en\/page-not-found\/#breadcrumb"},"inLanguage":"en-US","potentialAction":[{"@type":"ReadAction","target":["https:\/\/espaconovo.com\/en\/page-not-found\/"]}]},{"@type":"BreadcrumbList","@id":"https:\/\/espaconovo.com\/en\/page-not-found\/#breadcrumb","itemListElement":[{"@type":"ListItem","position":1,"name":"In\u00edcio","item":"https:\/\/espaconovo.com\/en\/"},{"@type":"ListItem","position":2,"name":"page not found"}]},{"@type":"WebSite","@id":"https:\/\/espaconovo.com\/en\/#website","url":"https:\/\/espaconovo.com\/en\/","name":"espa\u00e7onovo arquitetura","description":"Somos uma empresa de arquitetura especializada em projetos de varejo, desde a cria\u00e7\u00e3o do conceito da loja at\u00e9 a sua implanta\u00e7\u00e3o final.","publisher":{"@id":"https:\/\/espaconovo.com\/en\/#organization"},"alternateName":"espa\u00e7onovo arquitetura","potentialAction":[{"@type":"SearchAction","target":{"@type":"EntryPoint","urlTemplate":"https:\/\/espaconovo.com\/en\/?s={search_term_string}"},"query-input":"required name=search_term_string"}],"inLanguage":"en-US"},{"@type":"Organization","@id":"https:\/\/espaconovo.com\/en\/#organization","name":"espa\u00e7onovo arquitetura","alternateName":"espa\u00e7onovo arquitetura","url":"https:\/\/espaconovo.com\/en\/","logo":{"@type":"ImageObject","inLanguage":"en-US","@id":"https:\/\/espaconovo.com\/en\/#\/schema\/logo\/image\/","url":"https:\/\/espaconovo.com\/wp-content\/uploads\/2022\/10\/espaconovo-logo-3.png","contentUrl":"https:\/\/espaconovo.com\/wp-content\/uploads\/2022\/10\/espaconovo-logo-3.png","width":2479,"height":939,"caption":"espa\u00e7onovo arquitetura"},"image":{"@id":"https:\/\/espaconovo.com\/en\/#\/schema\/logo\/image\/"},"sameAs":["https:\/\/www.facebook.com\/espaconovoarq\/","https:\/\/www.instagram.com\/espaconovoarq\/","https:\/\/goo.gl\/maps\/cyEdC9Un6nqjq8dL8"]}]}},"_links":{"self":[{"href":"https:\/\/espaconovo.com\/en\/wp-json\/wp\/v2\/pages\/25481"}],"collection":[{"href":"https:\/\/espaconovo.com\/en\/wp-json\/wp\/v2\/pages"}],"about":[{"href":"https:\/\/espaconovo.com\/en\/wp-json\/wp\/v2\/types\/page"}],"author":[{"embeddable":true,"href":"https:\/\/espaconovo.com\/en\/wp-json\/wp\/v2\/users\/1"}],"replies":[{"embeddable":true,"href":"https:\/\/espaconovo.com\/en\/wp-json\/wp\/v2\/comments?post=25481"}],"version-history":[{"count":9,"href":"https:\/\/espaconovo.com\/en\/wp-json\/wp\/v2\/pages\/25481\/revisions"}],"predecessor-version":[{"id":26705,"href":"https:\/\/espaconovo.com\/en\/wp-json\/wp\/v2\/pages\/25481\/revisions\/26705"}],"wp:attachment":[{"href":"https:\/\/espaconovo.com\/en\/wp-json\/wp\/v2\/media?parent=25481"}],"curies":[{"name":"wp","href":"https:\/\/api.w.org\/{rel}","templated":true}]}}