{"id":25487,"date":"2023-07-03T10:38:12","date_gmt":"2023-07-03T13:38:12","guid":{"rendered":"https:\/\/espaconovo.com\/talk-to-us\/"},"modified":"2023-07-12T15:52:24","modified_gmt":"2023-07-12T18:52:24","slug":"contact-us","status":"publish","type":"page","link":"https:\/\/espaconovo.com\/en\/contact-us\/","title":{"rendered":"contact us"},"content":{"rendered":"<section class=\"wpb-content-wrapper\"><p>[vc_row][vc_column][vc_column_text]<\/p>\n<div class=\"title-h2\" style=\"text-align: center;\"><span style=\"color: #e5be93;\">\/<\/span> <span class=\"light\" style=\"color: #464646; letter-spacing: 10px;\">CONTACT US<\/span><\/div>\n<p>[\/vc_column_text]<div class=\"clearboth\"><\/div><style>#thegem-divider-69dec8977df65 {margin-top: 40px !important;}<\/style><div id=\"thegem-divider-69dec8977df65\" class=\"gem-divider  \" style=\"\" ><\/div>\n<div class=\"wpcf7 no-js\" id=\"wpcf7-f26024-o1\" lang=\"en-US\" dir=\"ltr\">\n<div class=\"screen-reader-response\"><p role=\"status\" aria-live=\"polite\" aria-atomic=\"true\"><\/p> <ul><\/ul><\/div>\n<form action=\"\/en\/wp-json\/wp\/v2\/pages\/25487#wpcf7-f26024-o1\" method=\"post\" class=\"wpcf7-form init\" aria-label=\"Contact form\" novalidate=\"novalidate\" data-status=\"init\">\n<div style=\"display: none;\">\n<input type=\"hidden\" name=\"_wpcf7\" value=\"26024\" \/>\n<input type=\"hidden\" name=\"_wpcf7_version\" value=\"5.7.7\" \/>\n<input type=\"hidden\" name=\"_wpcf7_locale\" value=\"en_US\" \/>\n<input type=\"hidden\" name=\"_wpcf7_unit_tag\" value=\"wpcf7-f26024-o1\" \/>\n<input type=\"hidden\" name=\"_wpcf7_container_post\" value=\"0\" \/>\n<input type=\"hidden\" name=\"_wpcf7_posted_data_hash\" value=\"\" \/>\n<\/div>\n<div class=\"contact-form-footer\">\n<p><span class=\"wpcf7-form-control-wrap\" data-name=\"your-name\"><input size=\"40\" class=\"wpcf7-form-control wpcf7-text wpcf7-validates-as-required\" aria-required=\"true\" aria-invalid=\"false\" placeholder=\"Your Name\" value=\"\" type=\"text\" name=\"your-name\" \/><\/span><\/p>\n<p><span class=\"wpcf7-form-control-wrap\" data-name=\"your-email\"><input size=\"40\" class=\"wpcf7-form-control wpcf7-text wpcf7-email wpcf7-validates-as-required wpcf7-validates-as-email\" aria-required=\"true\" aria-invalid=\"false\" placeholder=\"Your Email\" value=\"\" type=\"email\" name=\"your-email\" \/><\/span><\/p>\n<p><span class=\"wpcf7-form-control-wrap\" data-name=\"your-subject\"><input size=\"40\" class=\"wpcf7-form-control wpcf7-text wpcf7-validates-as-required\" aria-required=\"true\" aria-invalid=\"false\" placeholder=\"Subject\" value=\"\" type=\"text\" name=\"your-subject\" \/><\/span><\/p>\n<p><span class=\"wpcf7-form-control-wrap\" data-name=\"your-message\"><textarea cols=\"40\" rows=\"10\" class=\"wpcf7-form-control wpcf7-textarea\" aria-invalid=\"false\" placeholder=\"Message\" name=\"your-message\"><\/textarea><\/span><\/p>\n<div><input class=\"wpcf7-form-control has-spinner wpcf7-submit\" type=\"submit\" value=\"Submit\" \/><\/div>\n<\/div><p style=\"display: none !important;\"><label>&#916;<textarea name=\"_wpcf7_ak_hp_textarea\" cols=\"45\" rows=\"8\" maxlength=\"100\"><\/textarea><\/label><input type=\"hidden\" id=\"ak_js_1\" name=\"_wpcf7_ak_js\" value=\"134\"\/><script>document.getElementById( \"ak_js_1\" ).setAttribute( \"value\", ( new Date() ).getTime() );<\/script><\/p><div class=\"wpcf7-response-output\" aria-hidden=\"true\"><\/div>\n<\/form>\n<\/div>\n[\/vc_column][\/vc_row][vc_row][vc_column][\/vc_column][\/vc_row][vc_row][vc_column]<div class=\"clearboth\"><\/div><style>#thegem-divider-69dec8977f7bc {margin-top: 15px !important;}<\/style><div id=\"thegem-divider-69dec8977f7bc\" class=\"gem-divider  \" style=\"border-color: #ffffff;\" ><\/div>[vc_column_text]<\/p>\n<p style=\"text-align: center;\">Learn more about our architecture on our <a href=\"https:\/\/espaconovo.com\/en\/projects\/\">projects page<\/a> or on our <a href=\"https:\/\/www.instagram.com\/espaconovoarq\/\" target=\"\u201c_blank\u201d\" rel=\"noopener\">instagram<\/a>.<\/p>\n<p>[\/vc_column_text][\/vc_column][\/vc_row]<\/p>\n<\/section>","protected":false},"excerpt":{"rendered":"<p>[vc_row][vc_column][vc_column_text] \/ CONTACT US [\/vc_column_text][\/vc_column][\/vc_row][vc_row][vc_column][\/vc_column][\/vc_row][vc_row][vc_column][vc_column_text] Learn more about our architecture on our projects page or on our instagram. [\/vc_column_text][\/vc_column][\/vc_row]<\/p>\n","protected":false},"author":1,"featured_media":0,"parent":0,"menu_order":0,"comment_status":"closed","ping_status":"closed","template":"","meta":[],"yoast_head":"<!-- This site is optimized with the Yoast SEO plugin v20.10 - https:\/\/yoast.com\/wordpress\/plugins\/seo\/ -->\n<title>contact us | espa\u00e7onovo arquitetura<\/title>\n<meta name=\"description\" content=\"Send a message to espa\u00e7onovo arquitetura and we&#039;ll get back to you shortly. We are located at Rua Teixeira da Silva, 329. S\u00e3o Paulo, Brazil.\" \/>\n<meta name=\"robots\" content=\"index, follow, max-snippet:-1, max-image-preview:large, max-video-preview:-1\" \/>\n<link rel=\"canonical\" href=\"https:\/\/espaconovo.com\/en\/contact-us\/\" \/>\n<meta property=\"og:locale\" content=\"en_US\" \/>\n<meta property=\"og:type\" content=\"article\" \/>\n<meta property=\"og:title\" content=\"contact us | espa\u00e7onovo arquitetura\" \/>\n<meta property=\"og:description\" content=\"Send a message to espa\u00e7onovo arquitetura and we&#039;ll get back to you shortly. We are located at Rua Teixeira da Silva, 329. S\u00e3o Paulo, Brazil.\" \/>\n<meta property=\"og:url\" content=\"https:\/\/espaconovo.com\/en\/contact-us\/\" \/>\n<meta property=\"og:site_name\" content=\"espa\u00e7onovo arquitetura\" \/>\n<meta property=\"article:publisher\" content=\"https:\/\/www.facebook.com\/espaconovoarq\/\" \/>\n<meta property=\"article:modified_time\" content=\"2023-07-12T18:52:24+00:00\" \/>\n<meta property=\"og:image\" content=\"http:\/\/espaconovo.com\/wp-content\/uploads\/2023\/02\/221027_Espaco-Novo_001_Ricardo-Bassetti_7356-3.jpg\" \/>\n\t<meta property=\"og:image:width\" content=\"1320\" \/>\n\t<meta property=\"og:image:height\" content=\"876\" \/>\n\t<meta property=\"og:image:type\" content=\"image\/jpeg\" \/>\n<meta name=\"twitter:card\" content=\"summary_large_image\" \/>\n<meta name=\"twitter:label1\" content=\"Est. reading time\" \/>\n\t<meta name=\"twitter:data1\" content=\"1 minute\" \/>\n<script type=\"application\/ld+json\" class=\"yoast-schema-graph\">{\"@context\":\"https:\/\/schema.org\",\"@graph\":[{\"@type\":\"WebPage\",\"@id\":\"https:\/\/espaconovo.com\/en\/contact-us\/\",\"url\":\"https:\/\/espaconovo.com\/en\/contact-us\/\",\"name\":\"contact us | espa\u00e7onovo arquitetura\",\"isPartOf\":{\"@id\":\"https:\/\/espaconovo.com\/en\/#website\"},\"datePublished\":\"2023-07-03T13:38:12+00:00\",\"dateModified\":\"2023-07-12T18:52:24+00:00\",\"description\":\"Send a message to espa\u00e7onovo arquitetura and we'll get back to you shortly. We are located at Rua Teixeira da Silva, 329. S\u00e3o Paulo, Brazil.\",\"breadcrumb\":{\"@id\":\"https:\/\/espaconovo.com\/en\/contact-us\/#breadcrumb\"},\"inLanguage\":\"en-US\",\"potentialAction\":[{\"@type\":\"ReadAction\",\"target\":[\"https:\/\/espaconovo.com\/en\/contact-us\/\"]}]},{\"@type\":\"BreadcrumbList\",\"@id\":\"https:\/\/espaconovo.com\/en\/contact-us\/#breadcrumb\",\"itemListElement\":[{\"@type\":\"ListItem\",\"position\":1,\"name\":\"In\u00edcio\",\"item\":\"https:\/\/espaconovo.com\/en\/\"},{\"@type\":\"ListItem\",\"position\":2,\"name\":\"contact us\"}]},{\"@type\":\"WebSite\",\"@id\":\"https:\/\/espaconovo.com\/en\/#website\",\"url\":\"https:\/\/espaconovo.com\/en\/\",\"name\":\"espa\u00e7onovo arquitetura\",\"description\":\"Somos uma empresa de arquitetura especializada em projetos de varejo, desde a cria\u00e7\u00e3o do conceito da loja at\u00e9 a sua implanta\u00e7\u00e3o final.\",\"publisher\":{\"@id\":\"https:\/\/espaconovo.com\/en\/#organization\"},\"alternateName\":\"espa\u00e7onovo arquitetura\",\"potentialAction\":[{\"@type\":\"SearchAction\",\"target\":{\"@type\":\"EntryPoint\",\"urlTemplate\":\"https:\/\/espaconovo.com\/en\/?s={search_term_string}\"},\"query-input\":\"required name=search_term_string\"}],\"inLanguage\":\"en-US\"},{\"@type\":\"Organization\",\"@id\":\"https:\/\/espaconovo.com\/en\/#organization\",\"name\":\"espa\u00e7onovo arquitetura\",\"alternateName\":\"espa\u00e7onovo arquitetura\",\"url\":\"https:\/\/espaconovo.com\/en\/\",\"logo\":{\"@type\":\"ImageObject\",\"inLanguage\":\"en-US\",\"@id\":\"https:\/\/espaconovo.com\/en\/#\/schema\/logo\/image\/\",\"url\":\"https:\/\/espaconovo.com\/wp-content\/uploads\/2022\/10\/espaconovo-logo-3.png\",\"contentUrl\":\"https:\/\/espaconovo.com\/wp-content\/uploads\/2022\/10\/espaconovo-logo-3.png\",\"width\":2479,\"height\":939,\"caption\":\"espa\u00e7onovo arquitetura\"},\"image\":{\"@id\":\"https:\/\/espaconovo.com\/en\/#\/schema\/logo\/image\/\"},\"sameAs\":[\"https:\/\/www.facebook.com\/espaconovoarq\/\",\"https:\/\/www.instagram.com\/espaconovoarq\/\",\"https:\/\/goo.gl\/maps\/cyEdC9Un6nqjq8dL8\"]}]}<\/script>\n<!-- \/ Yoast SEO plugin. -->","yoast_head_json":{"title":"contact us | espa\u00e7onovo arquitetura","description":"Send a message to espa\u00e7onovo arquitetura and we'll get back to you shortly. We are located at Rua Teixeira da Silva, 329. S\u00e3o Paulo, Brazil.","robots":{"index":"index","follow":"follow","max-snippet":"max-snippet:-1","max-image-preview":"max-image-preview:large","max-video-preview":"max-video-preview:-1"},"canonical":"https:\/\/espaconovo.com\/en\/contact-us\/","og_locale":"en_US","og_type":"article","og_title":"contact us | espa\u00e7onovo arquitetura","og_description":"Send a message to espa\u00e7onovo arquitetura and we'll get back to you shortly. We are located at Rua Teixeira da Silva, 329. S\u00e3o Paulo, Brazil.","og_url":"https:\/\/espaconovo.com\/en\/contact-us\/","og_site_name":"espa\u00e7onovo arquitetura","article_publisher":"https:\/\/www.facebook.com\/espaconovoarq\/","article_modified_time":"2023-07-12T18:52:24+00:00","og_image":[{"width":1320,"height":876,"url":"http:\/\/espaconovo.com\/wp-content\/uploads\/2023\/02\/221027_Espaco-Novo_001_Ricardo-Bassetti_7356-3.jpg","type":"image\/jpeg"}],"twitter_card":"summary_large_image","twitter_misc":{"Est. reading time":"1 minute"},"schema":{"@context":"https:\/\/schema.org","@graph":[{"@type":"WebPage","@id":"https:\/\/espaconovo.com\/en\/contact-us\/","url":"https:\/\/espaconovo.com\/en\/contact-us\/","name":"contact us | espa\u00e7onovo arquitetura","isPartOf":{"@id":"https:\/\/espaconovo.com\/en\/#website"},"datePublished":"2023-07-03T13:38:12+00:00","dateModified":"2023-07-12T18:52:24+00:00","description":"Send a message to espa\u00e7onovo arquitetura and we'll get back to you shortly. We are located at Rua Teixeira da Silva, 329. S\u00e3o Paulo, Brazil.","breadcrumb":{"@id":"https:\/\/espaconovo.com\/en\/contact-us\/#breadcrumb"},"inLanguage":"en-US","potentialAction":[{"@type":"ReadAction","target":["https:\/\/espaconovo.com\/en\/contact-us\/"]}]},{"@type":"BreadcrumbList","@id":"https:\/\/espaconovo.com\/en\/contact-us\/#breadcrumb","itemListElement":[{"@type":"ListItem","position":1,"name":"In\u00edcio","item":"https:\/\/espaconovo.com\/en\/"},{"@type":"ListItem","position":2,"name":"contact us"}]},{"@type":"WebSite","@id":"https:\/\/espaconovo.com\/en\/#website","url":"https:\/\/espaconovo.com\/en\/","name":"espa\u00e7onovo arquitetura","description":"Somos uma empresa de arquitetura especializada em projetos de varejo, desde a cria\u00e7\u00e3o do conceito da loja at\u00e9 a sua implanta\u00e7\u00e3o final.","publisher":{"@id":"https:\/\/espaconovo.com\/en\/#organization"},"alternateName":"espa\u00e7onovo arquitetura","potentialAction":[{"@type":"SearchAction","target":{"@type":"EntryPoint","urlTemplate":"https:\/\/espaconovo.com\/en\/?s={search_term_string}"},"query-input":"required name=search_term_string"}],"inLanguage":"en-US"},{"@type":"Organization","@id":"https:\/\/espaconovo.com\/en\/#organization","name":"espa\u00e7onovo arquitetura","alternateName":"espa\u00e7onovo arquitetura","url":"https:\/\/espaconovo.com\/en\/","logo":{"@type":"ImageObject","inLanguage":"en-US","@id":"https:\/\/espaconovo.com\/en\/#\/schema\/logo\/image\/","url":"https:\/\/espaconovo.com\/wp-content\/uploads\/2022\/10\/espaconovo-logo-3.png","contentUrl":"https:\/\/espaconovo.com\/wp-content\/uploads\/2022\/10\/espaconovo-logo-3.png","width":2479,"height":939,"caption":"espa\u00e7onovo arquitetura"},"image":{"@id":"https:\/\/espaconovo.com\/en\/#\/schema\/logo\/image\/"},"sameAs":["https:\/\/www.facebook.com\/espaconovoarq\/","https:\/\/www.instagram.com\/espaconovoarq\/","https:\/\/goo.gl\/maps\/cyEdC9Un6nqjq8dL8"]}]}},"_links":{"self":[{"href":"https:\/\/espaconovo.com\/en\/wp-json\/wp\/v2\/pages\/25487"}],"collection":[{"href":"https:\/\/espaconovo.com\/en\/wp-json\/wp\/v2\/pages"}],"about":[{"href":"https:\/\/espaconovo.com\/en\/wp-json\/wp\/v2\/types\/page"}],"author":[{"embeddable":true,"href":"https:\/\/espaconovo.com\/en\/wp-json\/wp\/v2\/users\/1"}],"replies":[{"embeddable":true,"href":"https:\/\/espaconovo.com\/en\/wp-json\/wp\/v2\/comments?post=25487"}],"version-history":[{"count":6,"href":"https:\/\/espaconovo.com\/en\/wp-json\/wp\/v2\/pages\/25487\/revisions"}],"predecessor-version":[{"id":26701,"href":"https:\/\/espaconovo.com\/en\/wp-json\/wp\/v2\/pages\/25487\/revisions\/26701"}],"wp:attachment":[{"href":"https:\/\/espaconovo.com\/en\/wp-json\/wp\/v2\/media?parent=25487"}],"curies":[{"name":"wp","href":"https:\/\/api.w.org\/{rel}","templated":true}]}}