{"id":25735,"date":"2023-07-01T17:11:46","date_gmt":"2023-07-01T20:11:46","guid":{"rendered":"https:\/\/espaconovo.com\/?page_id=25735"},"modified":"2023-07-12T13:05:42","modified_gmt":"2023-07-12T16:05:42","slug":"clients","status":"publish","type":"page","link":"https:\/\/espaconovo.com\/en\/clients\/","title":{"rendered":"clients"},"content":{"rendered":"<section class=\"wpb-content-wrapper\"><p>[vc_row][vc_column][vc_column_text]<\/p>\n<div class=\"title-h2\" style=\"text-align: center;\"><span style=\"color: #e5be93;\">\/<\/span> <span class=\"light\" style=\"color: #464646; letter-spacing: 10px;\">CLIENTS<\/span><\/div>\n<p>[\/vc_column_text]<div class=\"clearboth\"><\/div><style>#thegem-divider-69d11247ee72e {margin-top: 50px !important;}<\/style><div id=\"thegem-divider-69d11247ee72e\" class=\"gem-divider  \" style=\"border-color: #ffffff;\" ><\/div>[\/vc_column][\/vc_row][vc_row][vc_column width=&#8221;1\/5&#8243;]<div class=\"gem-image gem-wrapbox gem-wrapbox-style-default gem-wrapbox-position-below\"  style=\"\"><div class=\"gem-wrapbox-inner \" ><img class=\"gem-wrapbox-element img-responsive\" src=\"https:\/\/espaconovo.com\/wp-content\/uploads\/2022\/10\/logo-1-st-marche-emporio-santa-maria.png\" alt=\"\"\/><\/div><\/div>[\/vc_column][vc_column width=&#8221;1\/5&#8243;]<div class=\"gem-image gem-wrapbox gem-wrapbox-style-default gem-wrapbox-position-below\"  style=\"\"><div class=\"gem-wrapbox-inner \" ><img class=\"gem-wrapbox-element img-responsive\" src=\"https:\/\/espaconovo.com\/wp-content\/uploads\/2022\/10\/logo-2-eataly-shopping-mueller.png\" alt=\"\"\/><\/div><\/div>[\/vc_column][vc_column width=&#8221;1\/5&#8243;]<div class=\"gem-image gem-wrapbox gem-wrapbox-style-default gem-wrapbox-position-below\"  style=\"\"><div class=\"gem-wrapbox-inner \" ><img class=\"gem-wrapbox-element img-responsive\" src=\"https:\/\/espaconovo.com\/wp-content\/uploads\/2022\/10\/logo-3-shopping-rio-sul-zaffari.png\" alt=\"\"\/><\/div><\/div>[\/vc_column][vc_column width=&#8221;1\/5&#8243;]<div class=\"gem-image gem-wrapbox gem-wrapbox-style-default gem-wrapbox-position-below\"  style=\"\"><div class=\"gem-wrapbox-inner \" ><img class=\"gem-wrapbox-element img-responsive\" src=\"https:\/\/espaconovo.com\/wp-content\/uploads\/2022\/10\/logo-4-tozetto-sumerbol.png\" alt=\"\"\/><\/div><\/div>[\/vc_column][vc_column width=&#8221;1\/5&#8243;]<div class=\"gem-image gem-wrapbox gem-wrapbox-style-default gem-wrapbox-position-below\"  style=\"\"><div class=\"gem-wrapbox-inner \" ><img class=\"gem-wrapbox-element img-responsive\" src=\"https:\/\/espaconovo.com\/wp-content\/uploads\/2022\/10\/logo-5-fribal-talho.png\" alt=\"\"\/><\/div><\/div>[\/vc_column][\/vc_row][vc_row][vc_column width=&#8221;1\/5&#8243;]<div class=\"gem-image gem-wrapbox gem-wrapbox-style-default gem-wrapbox-position-below\"  style=\"\"><div class=\"gem-wrapbox-inner \" ><img class=\"gem-wrapbox-element img-responsive\" src=\"https:\/\/espaconovo.com\/wp-content\/uploads\/2022\/10\/logo-6-fab-mooca.png\" alt=\"\"\/><\/div><\/div>[\/vc_column][vc_column width=&#8221;1\/5&#8243;]<div class=\"gem-image gem-wrapbox gem-wrapbox-style-default gem-wrapbox-position-below\"  style=\"\"><div class=\"gem-wrapbox-inner \" ><img class=\"gem-wrapbox-element img-responsive\" src=\"https:\/\/espaconovo.com\/wp-content\/uploads\/2022\/10\/logo-7-grupo-coutinho.png\" alt=\"\"\/><\/div><\/div>[\/vc_column][vc_column width=&#8221;1\/5&#8243;]<div class=\"gem-image gem-wrapbox gem-wrapbox-style-default gem-wrapbox-position-below\"  style=\"\"><div class=\"gem-wrapbox-inner \" ><img class=\"gem-wrapbox-element img-responsive\" src=\"https:\/\/espaconovo.com\/wp-content\/uploads\/2022\/10\/logo-8.png\" alt=\"\"\/><\/div><\/div>[\/vc_column][vc_column width=&#8221;1\/5&#8243;]<div class=\"gem-image gem-wrapbox gem-wrapbox-style-default gem-wrapbox-position-below\"  style=\"\"><div class=\"gem-wrapbox-inner \" ><img class=\"gem-wrapbox-element img-responsive\" src=\"https:\/\/espaconovo.com\/wp-content\/uploads\/2022\/10\/logo-9-1.png\" alt=\"\"\/><\/div><\/div>[\/vc_column][vc_column width=&#8221;1\/5&#8243;]<div class=\"gem-image gem-wrapbox gem-wrapbox-style-default gem-wrapbox-position-below\"  style=\"\"><div class=\"gem-wrapbox-inner \" ><img class=\"gem-wrapbox-element img-responsive\" src=\"https:\/\/espaconovo.com\/wp-content\/uploads\/2022\/10\/logo-10.png\" alt=\"\"\/><\/div><\/div>[\/vc_column][\/vc_row][vc_row][vc_column width=&#8221;1\/5&#8243;]<div class=\"gem-image gem-wrapbox gem-wrapbox-style-default gem-wrapbox-position-below\"  style=\"\"><div class=\"gem-wrapbox-inner \" ><img class=\"gem-wrapbox-element img-responsive\" src=\"https:\/\/espaconovo.com\/wp-content\/uploads\/2022\/10\/logo-11.png\" alt=\"\"\/><\/div><\/div>[\/vc_column][vc_column width=&#8221;1\/5&#8243;]<div class=\"gem-image gem-wrapbox gem-wrapbox-style-default gem-wrapbox-position-below\"  style=\"\"><div class=\"gem-wrapbox-inner \" ><img class=\"gem-wrapbox-element img-responsive\" src=\"https:\/\/espaconovo.com\/wp-content\/uploads\/2022\/10\/logo-12.png\" alt=\"\"\/><\/div><\/div>[\/vc_column][vc_column width=&#8221;1\/5&#8243;]<div class=\"gem-image gem-wrapbox gem-wrapbox-style-default gem-wrapbox-position-below\"  style=\"\"><div class=\"gem-wrapbox-inner \" ><img class=\"gem-wrapbox-element img-responsive\" src=\"https:\/\/espaconovo.com\/wp-content\/uploads\/2022\/10\/logo-13.png\" alt=\"\"\/><\/div><\/div>[\/vc_column][vc_column width=&#8221;1\/5&#8243;]<div class=\"gem-image gem-wrapbox gem-wrapbox-style-default gem-wrapbox-position-below\"  style=\"\"><div class=\"gem-wrapbox-inner \" ><img class=\"gem-wrapbox-element img-responsive\" src=\"https:\/\/espaconovo.com\/wp-content\/uploads\/2022\/10\/logo-14.png\" alt=\"\"\/><\/div><\/div>[\/vc_column][vc_column width=&#8221;1\/5&#8243;]<div class=\"gem-image gem-wrapbox gem-wrapbox-style-default gem-wrapbox-position-below\"  style=\"\"><div class=\"gem-wrapbox-inner \" ><img class=\"gem-wrapbox-element img-responsive\" src=\"https:\/\/espaconovo.com\/wp-content\/uploads\/2022\/10\/logo-15.png\" alt=\"\"\/><\/div><\/div>[\/vc_column][\/vc_row][vc_row][vc_column width=&#8221;1\/5&#8243;][\/vc_column][vc_column width=&#8221;1\/5&#8243;]<div class=\"gem-image gem-wrapbox gem-wrapbox-style-default gem-wrapbox-position-below\"  style=\"\"><div class=\"gem-wrapbox-inner \" ><img class=\"gem-wrapbox-element img-responsive\" src=\"https:\/\/espaconovo.com\/wp-content\/uploads\/2022\/10\/logo-16.png\" alt=\"\"\/><\/div><\/div>[\/vc_column][vc_column width=&#8221;1\/5&#8243;]<div class=\"gem-image gem-wrapbox gem-wrapbox-style-default gem-wrapbox-position-below\"  style=\"\"><div class=\"gem-wrapbox-inner \" ><img class=\"gem-wrapbox-element img-responsive\" src=\"https:\/\/espaconovo.com\/wp-content\/uploads\/2022\/10\/logo-17a.png\" alt=\"\"\/><\/div><\/div>[\/vc_column][vc_column width=&#8221;1\/5&#8243;]<div class=\"gem-image gem-wrapbox gem-wrapbox-style-default gem-wrapbox-position-below\"  style=\"\"><div class=\"gem-wrapbox-inner \" ><img class=\"gem-wrapbox-element img-responsive\" src=\"https:\/\/espaconovo.com\/wp-content\/uploads\/2022\/10\/logo-18-1.png\" alt=\"\"\/><\/div><\/div>[\/vc_column][vc_column width=&#8221;1\/5&#8243;][\/vc_column][\/vc_row][vc_row][vc_column]<div class=\"clearboth\"><\/div><style>#thegem-divider-69d11247f149a {margin-top: 15px !important;}<\/style><div id=\"thegem-divider-69d11247f149a\" class=\"gem-divider  \" style=\"border-color: #ffffff;\" ><\/div>[vc_column_text]<\/p>\n<p style=\"text-align: center;\">Learn more about our architecture on our <a href=\"https:\/\/espaconovo.com\/en\/projects\/\">projects page<\/a> or on our <a href=\"https:\/\/www.instagram.com\/espaconovoarq\/\" target=\"\u201c_blank\u201d\" rel=\"noopener\">instagram<\/a>.<\/p>\n<p>[\/vc_column_text][\/vc_column][\/vc_row]<\/p>\n<\/section>","protected":false},"excerpt":{"rendered":"<p>[vc_row][vc_column][vc_column_text] \/ CLIENTS [\/vc_column_text][\/vc_column][\/vc_row][vc_row][vc_column width=&#8221;1\/5&#8243;][\/vc_column][vc_column width=&#8221;1\/5&#8243;][\/vc_column][vc_column width=&#8221;1\/5&#8243;][\/vc_column][vc_column width=&#8221;1\/5&#8243;][\/vc_column][vc_column width=&#8221;1\/5&#8243;][\/vc_column][\/vc_row][vc_row][vc_column width=&#8221;1\/5&#8243;][\/vc_column][vc_column width=&#8221;1\/5&#8243;][\/vc_column][vc_column width=&#8221;1\/5&#8243;][\/vc_column][vc_column width=&#8221;1\/5&#8243;][\/vc_column][vc_column width=&#8221;1\/5&#8243;][\/vc_column][\/vc_row][vc_row][vc_column width=&#8221;1\/5&#8243;][\/vc_column][vc_column width=&#8221;1\/5&#8243;][\/vc_column][vc_column width=&#8221;1\/5&#8243;][\/vc_column][vc_column width=&#8221;1\/5&#8243;][\/vc_column][vc_column width=&#8221;1\/5&#8243;][\/vc_column][\/vc_row][vc_row][vc_column width=&#8221;1\/5&#8243;][\/vc_column][vc_column&#8230;<\/p>\n","protected":false},"author":2,"featured_media":25277,"parent":0,"menu_order":0,"comment_status":"closed","ping_status":"closed","template":"","meta":[],"yoast_head":"<!-- This site is optimized with the Yoast SEO plugin v20.10 - https:\/\/yoast.com\/wordpress\/plugins\/seo\/ -->\n<title>clients | espa\u00e7onovo arquitetura<\/title>\n<meta name=\"description\" content=\"See the list of clients in the retail sector of espa\u00e7onovo arquitetura. Among them: St Marche Supermercados, Emp\u00f3rio Santa Maria and Eataly.\" \/>\n<meta name=\"robots\" content=\"index, follow, max-snippet:-1, max-image-preview:large, max-video-preview:-1\" \/>\n<link rel=\"canonical\" href=\"https:\/\/espaconovo.com\/en\/clients\/\" \/>\n<meta property=\"og:locale\" content=\"en_US\" \/>\n<meta property=\"og:type\" content=\"article\" \/>\n<meta property=\"og:title\" content=\"clients | espa\u00e7onovo arquitetura\" \/>\n<meta property=\"og:description\" content=\"See the list of clients in the retail sector of espa\u00e7onovo arquitetura. Among them: St Marche Supermercados, Emp\u00f3rio Santa Maria and Eataly.\" \/>\n<meta property=\"og:url\" content=\"https:\/\/espaconovo.com\/en\/clients\/\" \/>\n<meta property=\"og:site_name\" content=\"espa\u00e7onovo arquitetura\" \/>\n<meta property=\"article:publisher\" content=\"https:\/\/www.facebook.com\/espaconovoarq\/\" \/>\n<meta property=\"article:modified_time\" content=\"2023-07-12T16:05:42+00:00\" \/>\n<meta property=\"og:image\" content=\"http:\/\/espaconovo.com\/wp-content\/uploads\/2022\/10\/espaconovo-eataly-9.jpg\" \/>\n\t<meta property=\"og:image:width\" content=\"1320\" \/>\n\t<meta property=\"og:image:height\" content=\"880\" \/>\n\t<meta property=\"og:image:type\" content=\"image\/jpeg\" \/>\n<meta name=\"twitter:card\" content=\"summary_large_image\" \/>\n<meta name=\"twitter:label1\" content=\"Est. reading time\" \/>\n\t<meta name=\"twitter:data1\" content=\"1 minute\" \/>\n<script type=\"application\/ld+json\" class=\"yoast-schema-graph\">{\"@context\":\"https:\/\/schema.org\",\"@graph\":[{\"@type\":\"WebPage\",\"@id\":\"https:\/\/espaconovo.com\/en\/clients\/\",\"url\":\"https:\/\/espaconovo.com\/en\/clients\/\",\"name\":\"clients | espa\u00e7onovo arquitetura\",\"isPartOf\":{\"@id\":\"https:\/\/espaconovo.com\/en\/#website\"},\"datePublished\":\"2023-07-01T20:11:46+00:00\",\"dateModified\":\"2023-07-12T16:05:42+00:00\",\"description\":\"See the list of clients in the retail sector of espa\u00e7onovo arquitetura. Among them: St Marche Supermercados, Emp\u00f3rio Santa Maria and Eataly.\",\"breadcrumb\":{\"@id\":\"https:\/\/espaconovo.com\/en\/clients\/#breadcrumb\"},\"inLanguage\":\"en-US\",\"potentialAction\":[{\"@type\":\"ReadAction\",\"target\":[\"https:\/\/espaconovo.com\/en\/clients\/\"]}]},{\"@type\":\"BreadcrumbList\",\"@id\":\"https:\/\/espaconovo.com\/en\/clients\/#breadcrumb\",\"itemListElement\":[{\"@type\":\"ListItem\",\"position\":1,\"name\":\"In\u00edcio\",\"item\":\"https:\/\/espaconovo.com\/en\/\"},{\"@type\":\"ListItem\",\"position\":2,\"name\":\"clients\"}]},{\"@type\":\"WebSite\",\"@id\":\"https:\/\/espaconovo.com\/en\/#website\",\"url\":\"https:\/\/espaconovo.com\/en\/\",\"name\":\"espa\u00e7onovo arquitetura\",\"description\":\"Somos uma empresa de arquitetura especializada em projetos de varejo, desde a cria\u00e7\u00e3o do conceito da loja at\u00e9 a sua implanta\u00e7\u00e3o final.\",\"publisher\":{\"@id\":\"https:\/\/espaconovo.com\/en\/#organization\"},\"alternateName\":\"espa\u00e7onovo arquitetura\",\"potentialAction\":[{\"@type\":\"SearchAction\",\"target\":{\"@type\":\"EntryPoint\",\"urlTemplate\":\"https:\/\/espaconovo.com\/en\/?s={search_term_string}\"},\"query-input\":\"required name=search_term_string\"}],\"inLanguage\":\"en-US\"},{\"@type\":\"Organization\",\"@id\":\"https:\/\/espaconovo.com\/en\/#organization\",\"name\":\"espa\u00e7onovo arquitetura\",\"alternateName\":\"espa\u00e7onovo arquitetura\",\"url\":\"https:\/\/espaconovo.com\/en\/\",\"logo\":{\"@type\":\"ImageObject\",\"inLanguage\":\"en-US\",\"@id\":\"https:\/\/espaconovo.com\/en\/#\/schema\/logo\/image\/\",\"url\":\"https:\/\/espaconovo.com\/wp-content\/uploads\/2022\/10\/espaconovo-logo-3.png\",\"contentUrl\":\"https:\/\/espaconovo.com\/wp-content\/uploads\/2022\/10\/espaconovo-logo-3.png\",\"width\":2479,\"height\":939,\"caption\":\"espa\u00e7onovo arquitetura\"},\"image\":{\"@id\":\"https:\/\/espaconovo.com\/en\/#\/schema\/logo\/image\/\"},\"sameAs\":[\"https:\/\/www.facebook.com\/espaconovoarq\/\",\"https:\/\/www.instagram.com\/espaconovoarq\/\",\"https:\/\/goo.gl\/maps\/cyEdC9Un6nqjq8dL8\"]}]}<\/script>\n<!-- \/ Yoast SEO plugin. -->","yoast_head_json":{"title":"clients | espa\u00e7onovo arquitetura","description":"See the list of clients in the retail sector of espa\u00e7onovo arquitetura. Among them: St Marche Supermercados, Emp\u00f3rio Santa Maria and Eataly.","robots":{"index":"index","follow":"follow","max-snippet":"max-snippet:-1","max-image-preview":"max-image-preview:large","max-video-preview":"max-video-preview:-1"},"canonical":"https:\/\/espaconovo.com\/en\/clients\/","og_locale":"en_US","og_type":"article","og_title":"clients | espa\u00e7onovo arquitetura","og_description":"See the list of clients in the retail sector of espa\u00e7onovo arquitetura. Among them: St Marche Supermercados, Emp\u00f3rio Santa Maria and Eataly.","og_url":"https:\/\/espaconovo.com\/en\/clients\/","og_site_name":"espa\u00e7onovo arquitetura","article_publisher":"https:\/\/www.facebook.com\/espaconovoarq\/","article_modified_time":"2023-07-12T16:05:42+00:00","og_image":[{"width":1320,"height":880,"url":"http:\/\/espaconovo.com\/wp-content\/uploads\/2022\/10\/espaconovo-eataly-9.jpg","type":"image\/jpeg"}],"twitter_card":"summary_large_image","twitter_misc":{"Est. reading time":"1 minute"},"schema":{"@context":"https:\/\/schema.org","@graph":[{"@type":"WebPage","@id":"https:\/\/espaconovo.com\/en\/clients\/","url":"https:\/\/espaconovo.com\/en\/clients\/","name":"clients | espa\u00e7onovo arquitetura","isPartOf":{"@id":"https:\/\/espaconovo.com\/en\/#website"},"datePublished":"2023-07-01T20:11:46+00:00","dateModified":"2023-07-12T16:05:42+00:00","description":"See the list of clients in the retail sector of espa\u00e7onovo arquitetura. Among them: St Marche Supermercados, Emp\u00f3rio Santa Maria and Eataly.","breadcrumb":{"@id":"https:\/\/espaconovo.com\/en\/clients\/#breadcrumb"},"inLanguage":"en-US","potentialAction":[{"@type":"ReadAction","target":["https:\/\/espaconovo.com\/en\/clients\/"]}]},{"@type":"BreadcrumbList","@id":"https:\/\/espaconovo.com\/en\/clients\/#breadcrumb","itemListElement":[{"@type":"ListItem","position":1,"name":"In\u00edcio","item":"https:\/\/espaconovo.com\/en\/"},{"@type":"ListItem","position":2,"name":"clients"}]},{"@type":"WebSite","@id":"https:\/\/espaconovo.com\/en\/#website","url":"https:\/\/espaconovo.com\/en\/","name":"espa\u00e7onovo arquitetura","description":"Somos uma empresa de arquitetura especializada em projetos de varejo, desde a cria\u00e7\u00e3o do conceito da loja at\u00e9 a sua implanta\u00e7\u00e3o final.","publisher":{"@id":"https:\/\/espaconovo.com\/en\/#organization"},"alternateName":"espa\u00e7onovo arquitetura","potentialAction":[{"@type":"SearchAction","target":{"@type":"EntryPoint","urlTemplate":"https:\/\/espaconovo.com\/en\/?s={search_term_string}"},"query-input":"required name=search_term_string"}],"inLanguage":"en-US"},{"@type":"Organization","@id":"https:\/\/espaconovo.com\/en\/#organization","name":"espa\u00e7onovo arquitetura","alternateName":"espa\u00e7onovo arquitetura","url":"https:\/\/espaconovo.com\/en\/","logo":{"@type":"ImageObject","inLanguage":"en-US","@id":"https:\/\/espaconovo.com\/en\/#\/schema\/logo\/image\/","url":"https:\/\/espaconovo.com\/wp-content\/uploads\/2022\/10\/espaconovo-logo-3.png","contentUrl":"https:\/\/espaconovo.com\/wp-content\/uploads\/2022\/10\/espaconovo-logo-3.png","width":2479,"height":939,"caption":"espa\u00e7onovo arquitetura"},"image":{"@id":"https:\/\/espaconovo.com\/en\/#\/schema\/logo\/image\/"},"sameAs":["https:\/\/www.facebook.com\/espaconovoarq\/","https:\/\/www.instagram.com\/espaconovoarq\/","https:\/\/goo.gl\/maps\/cyEdC9Un6nqjq8dL8"]}]}},"_links":{"self":[{"href":"https:\/\/espaconovo.com\/en\/wp-json\/wp\/v2\/pages\/25735"}],"collection":[{"href":"https:\/\/espaconovo.com\/en\/wp-json\/wp\/v2\/pages"}],"about":[{"href":"https:\/\/espaconovo.com\/en\/wp-json\/wp\/v2\/types\/page"}],"author":[{"embeddable":true,"href":"https:\/\/espaconovo.com\/en\/wp-json\/wp\/v2\/users\/2"}],"replies":[{"embeddable":true,"href":"https:\/\/espaconovo.com\/en\/wp-json\/wp\/v2\/comments?post=25735"}],"version-history":[{"count":36,"href":"https:\/\/espaconovo.com\/en\/wp-json\/wp\/v2\/pages\/25735\/revisions"}],"predecessor-version":[{"id":26699,"href":"https:\/\/espaconovo.com\/en\/wp-json\/wp\/v2\/pages\/25735\/revisions\/26699"}],"wp:featuredmedia":[{"embeddable":true,"href":"https:\/\/espaconovo.com\/en\/wp-json\/wp\/v2\/media\/25277"}],"wp:attachment":[{"href":"https:\/\/espaconovo.com\/en\/wp-json\/wp\/v2\/media?parent=25735"}],"curies":[{"name":"wp","href":"https:\/\/api.w.org\/{rel}","templated":true}]}}