{"id":26407,"date":"2023-07-02T16:27:20","date_gmt":"2023-07-02T19:27:20","guid":{"rendered":"https:\/\/espaconovo.com\/?page_id=26407"},"modified":"2023-07-17T13:01:49","modified_gmt":"2023-07-17T16:01:49","slug":"team","status":"publish","type":"page","link":"https:\/\/espaconovo.com\/en\/team\/","title":{"rendered":"team"},"content":{"rendered":"<section class=\"wpb-content-wrapper\"><p>[vc_row css=&#8221;.vc_custom_1677530538852{margin-top: 25px !important;}&#8221;][vc_column]<div class=\"clearboth\"><\/div><style>#thegem-divider-69d12bba9b4a4 {margin-top: 70px !important;}<\/style><div id=\"thegem-divider-69d12bba9b4a4\" class=\"gem-divider  \" style=\"border-color: #ffffff;\" ><\/div>[vc_column_text]<\/p>\n<div class=\"title-h2\" style=\"text-align: center;\"><span style=\"color: #e5be93;\">\/<\/span> <span class=\"light\" style=\"color: #464646; letter-spacing: 10px;\">TEAM ESPA\u00c7ONOVO<\/span><\/div>\n<p>[\/vc_column_text][\/vc_column][\/vc_row][vc_row][vc_column]<div class=\"centered-box gem-image-centered-box\"><div class=\"gem-image gem-wrapbox gem-wrapbox-style-default gem-wrapbox-position-centered\"  style=\"\"><div class=\"gem-wrapbox-inner \" ><img class=\"gem-wrapbox-element img-responsive\" src=\"https:\/\/espaconovo.com\/wp-content\/uploads\/2023\/07\/221027_Espaco-Novo_001_Ricardo-Bassetti_7356-2.jpg\" alt=\"\"\/><\/div><\/div><\/div>[\/vc_column][\/vc_row][vc_row][vc_column]<div class=\"gem-team row inline-row gem-team-style-1\" data-hover-colors=\"{&quot;background_color&quot;:&quot;#ffffff&quot;}\" >\n<div class=\"col-md-3 col-sm-6 col-xs-12 inline-column\"> <div id=\"post-26442\" class=\"team-person centered-box default-background post-26442 thegem_team_person type-thegem_team_person status-publish has-post-thumbnail\" style=\"background-color: #ffffff; border-color: #ffffff\"> <div class=\"team-person-image\"><img width=\"240\" height=\"240\" src=\"https:\/\/espaconovo.com\/wp-content\/uploads\/2023\/02\/221027_Espaco-Novo_040_Ricardo-Bassetti_7377-thegem-person-240.jpg\" class=\"img-responsive wp-post-image\" alt=\"Jovita Torrano, diretora e fundadora da espa\u00e7onovo arquitetura, empresa de arquitetura especializada em projetos de varejo, desde a cria\u00e7\u00e3o do conceito at\u00e9 a sua implanta\u00e7\u00e3o final. Formada em Arquitetura e Urbanismo pela Universidade Mackenzie, Jovita iniciou sua carreira trabalhando para grandes empresas de varejo (Grupo P\u00e3o de A\u00e7\u00facar, Carrefour e Grupo Sendas). Na foto, Jovita Torrano.\" srcset=\"https:\/\/espaconovo.com\/wp-content\/uploads\/2023\/02\/221027_Espaco-Novo_040_Ricardo-Bassetti_7377-thegem-person.jpg 2x\" sizes=\"100vw\" \/><\/div> <div class=\"team-person-info\"> <div class=\"team-person-name title-h4\" >Jovita Torrano<\/div> <div class=\"team-person-position date-color\" >Director & Founder<\/div> <\/div> <\/div>\n<\/div> <div class=\"col-md-3 col-sm-6 col-xs-12 inline-column\"> <div id=\"post-26441\" class=\"team-person centered-box default-background post-26441 thegem_team_person type-thegem_team_person status-publish has-post-thumbnail\" style=\"background-color: #ffffff; border-color: #ffffff\"> <div class=\"team-person-image\"><img width=\"240\" height=\"240\" src=\"https:\/\/espaconovo.com\/wp-content\/uploads\/2023\/02\/221027_Espaco-Novo_026_Ricardo-Bassetti_7408-thegem-person-240.jpg\" class=\"img-responsive wp-post-image\" alt=\"Vanessa Miola, da equipe de arquitetos e coordenadores da espa\u00e7onovo arquitetura, empresa especializada em arquitetura de varejo, sediada em S\u00e3o Paulo, que tem Jovita Torrano com diretora e fundadora.\" srcset=\"https:\/\/espaconovo.com\/wp-content\/uploads\/2023\/02\/221027_Espaco-Novo_026_Ricardo-Bassetti_7408-thegem-person.jpg 2x\" sizes=\"100vw\" \/><\/div> <div class=\"team-person-info\"> <div class=\"team-person-name title-h4\" >Vanessa Miola<\/div> <div class=\"team-person-position date-color\" >Planner<\/div> <\/div> <\/div>\n<\/div> <div class=\"col-md-3 col-sm-6 col-xs-12 inline-column\"> <div id=\"post-26438\" class=\"team-person centered-box default-background post-26438 thegem_team_person type-thegem_team_person status-publish has-post-thumbnail\" style=\"background-color: #ffffff; border-color: #ffffff\"> <div class=\"team-person-image\"><img width=\"240\" height=\"240\" src=\"https:\/\/espaconovo.com\/wp-content\/uploads\/2023\/02\/221027_Espaco-Novo_024_Ricardo-Bassetti_7398-thegem-person-240.jpg\" class=\"img-responsive wp-post-image\" alt=\"Ana Carolina Lima, da equipe de arquitetos e coordenadores da espa\u00e7onovo arquitetura, empresa especializada em arquitetura de varejo, sediada em S\u00e3o Paulo, que tem Jovita Torrano com diretora e fundadora.\" srcset=\"https:\/\/espaconovo.com\/wp-content\/uploads\/2023\/02\/221027_Espaco-Novo_024_Ricardo-Bassetti_7398-thegem-person.jpg 2x\" sizes=\"100vw\" \/><\/div> <div class=\"team-person-info\"> <div class=\"team-person-name title-h4\" >Ana Carolina Lima<\/div> <div class=\"team-person-position date-color\" >Coordinator<\/div> <\/div> <\/div>\n<\/div> <div class=\"col-md-3 col-sm-6 col-xs-12 inline-column\"> <div id=\"post-26439\" class=\"team-person centered-box default-background post-26439 thegem_team_person type-thegem_team_person status-publish has-post-thumbnail\" style=\"background-color: #ffffff; border-color: #ffffff\"> <div class=\"team-person-image\"><img width=\"240\" height=\"240\" src=\"https:\/\/espaconovo.com\/wp-content\/uploads\/2023\/02\/221027_Espaco-Novo_039_Ricardo-Bassetti_7458-thegem-person-240.jpg\" class=\"img-responsive wp-post-image\" alt=\"Larissa Falasca, da equipe de arquitetos e coordenadores da espa\u00e7onovo arquitetura, empresa especializada em arquitetura de varejo, sediada em S\u00e3o Paulo, que tem Jovita Torrano com diretora e fundadora.\" srcset=\"https:\/\/espaconovo.com\/wp-content\/uploads\/2023\/02\/221027_Espaco-Novo_039_Ricardo-Bassetti_7458-thegem-person.jpg 2x\" sizes=\"100vw\" \/><\/div> <div class=\"team-person-info\"> <div class=\"team-person-name title-h4\" >Larissa Falasca<\/div> <div class=\"team-person-position date-color\" >Architect<\/div> <\/div> <\/div>\n<\/div> <div class=\"col-md-3 col-sm-6 col-xs-12 inline-column\"> <div id=\"post-26435\" class=\"team-person centered-box default-background post-26435 thegem_team_person type-thegem_team_person status-publish has-post-thumbnail\" style=\"background-color: #ffffff; border-color: #ffffff\"> <div class=\"team-person-image\"><img width=\"240\" height=\"240\" src=\"https:\/\/espaconovo.com\/wp-content\/uploads\/2023\/02\/221027_Espaco-Novo_037_Ricardo-Bassetti_7447-thegem-person-240.jpg\" class=\"img-responsive wp-post-image\" alt=\"Nathalie Silva, da equipe de arquitetos e coordenadores da espa\u00e7onovo arquitetura, empresa especializada em arquitetura de varejo, sediada em S\u00e3o Paulo, que tem Jovita Torrano com diretora e fundadora.\" srcset=\"https:\/\/espaconovo.com\/wp-content\/uploads\/2023\/02\/221027_Espaco-Novo_037_Ricardo-Bassetti_7447-thegem-person.jpg 2x\" sizes=\"100vw\" \/><\/div> <div class=\"team-person-info\"> <div class=\"team-person-name title-h4\" >Nathalie Silva<\/div> <div class=\"team-person-position date-color\" >Architect<\/div> <\/div> <\/div>\n<\/div> <div class=\"col-md-3 col-sm-6 col-xs-12 inline-column\"> <div id=\"post-26437\" class=\"team-person centered-box default-background post-26437 thegem_team_person type-thegem_team_person status-publish has-post-thumbnail\" style=\"background-color: #ffffff; border-color: #ffffff\"> <div class=\"team-person-image\"><img width=\"240\" height=\"240\" src=\"https:\/\/espaconovo.com\/wp-content\/uploads\/2023\/02\/221027_Espaco-Novo_023_Ricardo-Bassetti_7367-thegem-person-240.jpg\" class=\"img-responsive wp-post-image\" alt=\"Ligia Oliveira, da equipe de arquitetos e coordenadores da espa\u00e7onovo arquitetura, empresa especializada em arquitetura de varejo, sediada em S\u00e3o Paulo, que tem Jovita Torrano com diretora e fundadora.\" srcset=\"https:\/\/espaconovo.com\/wp-content\/uploads\/2023\/02\/221027_Espaco-Novo_023_Ricardo-Bassetti_7367-thegem-person.jpg 2x\" sizes=\"100vw\" \/><\/div> <div class=\"team-person-info\"> <div class=\"team-person-name title-h4\" >Ligia Oliveira<\/div> <div class=\"team-person-position date-color\" >Architect<\/div> <\/div> <\/div>\n<\/div> <div class=\"col-md-3 col-sm-6 col-xs-12 inline-column\"> <div id=\"post-26418\" class=\"team-person centered-box default-background post-26418 thegem_team_person type-thegem_team_person status-publish has-post-thumbnail\" style=\"background-color: #ffffff; border-color: #ffffff\"> <div class=\"team-person-image\"><img width=\"240\" height=\"240\" src=\"https:\/\/espaconovo.com\/wp-content\/uploads\/2023\/02\/221027_Espaco-Novo_035_Ricardo-Bassetti_7440-thegem-person-240.jpg\" class=\"img-responsive wp-post-image\" alt=\"Mariana Hirata, da equipe de arquitetos e coordenadores da espa\u00e7onovo arquitetura, empresa especializada em arquitetura de varejo, sediada em S\u00e3o Paulo, que tem Jovita Torrano com diretora e fundadora.\" srcset=\"https:\/\/espaconovo.com\/wp-content\/uploads\/2023\/02\/221027_Espaco-Novo_035_Ricardo-Bassetti_7440-thegem-person.jpg 2x\" sizes=\"100vw\" \/><\/div> <div class=\"team-person-info\"> <div class=\"team-person-name title-h4\" >Mariana Hirata<\/div> <div class=\"team-person-position date-color\" >Architect<\/div> <\/div> <\/div>\n<\/div> <div class=\"col-md-3 col-sm-6 col-xs-12 inline-column\"> <div id=\"post-26725\" class=\"team-person centered-box default-background post-26725 thegem_team_person type-thegem_team_person status-publish has-post-thumbnail\" style=\"background-color: #ffffff; border-color: #ffffff\"> <div class=\"team-person-image\"><img width=\"240\" height=\"240\" src=\"https:\/\/espaconovo.com\/wp-content\/uploads\/2023\/07\/luana-labate-thegem-person-240.jpg\" class=\"img-responsive wp-post-image\" alt=\"Luana Labate, da equipe de arquitetos e coordenadores da espa\u00e7onovo arquitetura, empresa especializada em arquitetura de varejo, sediada em S\u00e3o Paulo, que tem Jovita Torrano com diretora e fundadora.\" srcset=\"https:\/\/espaconovo.com\/wp-content\/uploads\/2023\/07\/luana-labate-thegem-person.jpg 2x\" sizes=\"100vw\" \/><\/div> <div class=\"team-person-info\"> <div class=\"team-person-name title-h4\" >Luana Labate<\/div> <div class=\"team-person-position date-color\" >Intern<\/div> <\/div> <\/div>\n<\/div> <div class=\"col-md-3 col-sm-6 col-xs-12 inline-column\"> <div id=\"post-26724\" class=\"team-person centered-box default-background post-26724 thegem_team_person type-thegem_team_person status-publish has-post-thumbnail\" style=\"background-color: #ffffff; border-color: #ffffff\"> <div class=\"team-person-image\"><img width=\"240\" height=\"240\" src=\"https:\/\/espaconovo.com\/wp-content\/uploads\/2023\/07\/maria-eduarda-thegem-person-240.jpg\" class=\"img-responsive wp-post-image\" alt=\"Maria Eduarda, da equipe de arquitetos e coordenadores da espa\u00e7onovo arquitetura, empresa especializada em arquitetura de varejo, sediada em S\u00e3o Paulo, que tem Jovita Torrano com diretora e fundadora.\" srcset=\"https:\/\/espaconovo.com\/wp-content\/uploads\/2023\/07\/maria-eduarda-thegem-person.jpg 2x\" sizes=\"100vw\" \/><\/div> <div class=\"team-person-info\"> <div class=\"team-person-name title-h4\" >Maria Eduarda Reis<\/div> <div class=\"team-person-position date-color\" >Intern<\/div> <\/div> <\/div>\n<\/div> <div class=\"col-md-3 col-sm-6 col-xs-12 inline-column\"> <div id=\"post-26726\" class=\"team-person centered-box default-background post-26726 thegem_team_person type-thegem_team_person status-publish has-post-thumbnail\" style=\"background-color: #ffffff; border-color: #ffffff\"> <div class=\"team-person-image\"><img width=\"240\" height=\"240\" src=\"https:\/\/espaconovo.com\/wp-content\/uploads\/2023\/07\/pedro-henrique-thegem-person-240.jpg\" class=\"img-responsive wp-post-image\" alt=\"Pedro Henrique, da equipe de arquitetos e coordenadores da espa\u00e7onovo arquitetura, empresa especializada em arquitetura de varejo, sediada em S\u00e3o Paulo, que tem Jovita Torrano com diretora e fundadora.\" srcset=\"https:\/\/espaconovo.com\/wp-content\/uploads\/2023\/07\/pedro-henrique-thegem-person.jpg 2x\" sizes=\"100vw\" \/><\/div> <div class=\"team-person-info\"> <div class=\"team-person-name title-h4\" >Pedro Henrique Gardinalli<\/div> <div class=\"team-person-position date-color\" >Intern<\/div> <\/div> <\/div>\n<\/div> <div class=\"col-md-3 col-sm-6 col-xs-12 inline-column\"> <div id=\"post-26434\" class=\"team-person centered-box default-background post-26434 thegem_team_person type-thegem_team_person status-publish has-post-thumbnail\" style=\"background-color: #ffffff; border-color: #ffffff\"> <div class=\"team-person-image\"><img width=\"240\" height=\"240\" src=\"https:\/\/espaconovo.com\/wp-content\/uploads\/2023\/02\/221027_Espaco-Novo_029_Ricardo-Bassetti_7417-thegem-person-240.jpg\" class=\"img-responsive wp-post-image\" alt=\"Rosangela da Silva, da equipe de arquitetos e coordenadores da espa\u00e7onovo arquitetura, empresa especializada em arquitetura de varejo, sediada em S\u00e3o Paulo, que tem Jovita Torrano com diretora e fundadora.\" srcset=\"https:\/\/espaconovo.com\/wp-content\/uploads\/2023\/02\/221027_Espaco-Novo_029_Ricardo-Bassetti_7417-thegem-person.jpg 2x\" sizes=\"100vw\" \/><\/div> <div class=\"team-person-info\"> <div class=\"team-person-name title-h4\" >Rosangela da Silva<\/div> <div class=\"team-person-position date-color\" >Cleaner<\/div> <\/div> <\/div>\n<\/div>\n<\/div>[\/vc_column][\/vc_row][vc_row][vc_column]<div class=\"clearboth\"><\/div><style>#thegem-divider-69d12bbab4b3d {margin-top: 15px !important;}<\/style><div id=\"thegem-divider-69d12bbab4b3d\" class=\"gem-divider  \" style=\"border-color: #ffffff;\" ><\/div>[vc_column_text]<\/p>\n<p style=\"text-align: center;\">Learn more about our architecture on our <a href=\"https:\/\/espaconovo.com\/en\/projects\/\">projects page<\/a> or on our <a href=\"https:\/\/www.instagram.com\/espaconovoarq\/\" target=\"\u201c_blank\u201d\" rel=\"noopener\">instagram<\/a>.<\/p>\n<p>[\/vc_column_text][\/vc_column][\/vc_row]<\/p>\n<\/section>","protected":false},"excerpt":{"rendered":"<p>[vc_row css=&#8221;.vc_custom_1677530538852{margin-top: 25px !important;}&#8221;][vc_column][vc_column_text] \/ TEAM ESPA\u00c7ONOVO [\/vc_column_text][\/vc_column][\/vc_row][vc_row][vc_column][\/vc_column][\/vc_row][vc_row][vc_column][\/vc_column][\/vc_row][vc_row][vc_column][vc_column_text] Learn more about our architecture on our projects page or on our&#8230;<\/p>\n","protected":false},"author":2,"featured_media":0,"parent":0,"menu_order":0,"comment_status":"closed","ping_status":"closed","template":"","meta":[],"yoast_head":"<!-- This site is optimized with the Yoast SEO plugin v20.10 - https:\/\/yoast.com\/wordpress\/plugins\/seo\/ -->\n<title>team | espa\u00e7onovo arquitetura<\/title>\n<meta name=\"description\" content=\"Meet the team of architects at espa\u00e7onovo arquitetura, a company based in S\u00e3o Paulo, Brazil, and specialized in retail architecture.\" \/>\n<meta name=\"robots\" content=\"index, follow, max-snippet:-1, max-image-preview:large, max-video-preview:-1\" \/>\n<link rel=\"canonical\" href=\"https:\/\/espaconovo.com\/en\/team\/\" \/>\n<meta property=\"og:locale\" content=\"en_US\" \/>\n<meta property=\"og:type\" content=\"article\" \/>\n<meta property=\"og:title\" content=\"team | espa\u00e7onovo arquitetura\" \/>\n<meta property=\"og:description\" content=\"Meet the team of architects at espa\u00e7onovo arquitetura, a company based in S\u00e3o Paulo, Brazil, and specialized in retail architecture.\" \/>\n<meta property=\"og:url\" content=\"https:\/\/espaconovo.com\/en\/team\/\" \/>\n<meta property=\"og:site_name\" content=\"espa\u00e7onovo arquitetura\" \/>\n<meta property=\"article:publisher\" content=\"https:\/\/www.facebook.com\/espaconovoarq\/\" \/>\n<meta property=\"article:modified_time\" content=\"2023-07-17T16:01:49+00:00\" \/>\n<meta property=\"og:image\" content=\"http:\/\/espaconovo.com\/wp-content\/uploads\/2023\/02\/221027_Espaco-Novo_001_Ricardo-Bassetti_7356-3.jpg\" \/>\n\t<meta property=\"og:image:width\" content=\"1320\" \/>\n\t<meta property=\"og:image:height\" content=\"876\" \/>\n\t<meta property=\"og:image:type\" content=\"image\/jpeg\" \/>\n<meta name=\"twitter:card\" content=\"summary_large_image\" \/>\n<meta name=\"twitter:label1\" content=\"Est. reading time\" \/>\n\t<meta name=\"twitter:data1\" content=\"1 minute\" \/>\n<script type=\"application\/ld+json\" class=\"yoast-schema-graph\">{\"@context\":\"https:\/\/schema.org\",\"@graph\":[{\"@type\":\"WebPage\",\"@id\":\"https:\/\/espaconovo.com\/en\/team\/\",\"url\":\"https:\/\/espaconovo.com\/en\/team\/\",\"name\":\"team | espa\u00e7onovo arquitetura\",\"isPartOf\":{\"@id\":\"https:\/\/espaconovo.com\/en\/#website\"},\"datePublished\":\"2023-07-02T19:27:20+00:00\",\"dateModified\":\"2023-07-17T16:01:49+00:00\",\"description\":\"Meet the team of architects at espa\u00e7onovo arquitetura, a company based in S\u00e3o Paulo, Brazil, and specialized in retail architecture.\",\"breadcrumb\":{\"@id\":\"https:\/\/espaconovo.com\/en\/team\/#breadcrumb\"},\"inLanguage\":\"en-US\",\"potentialAction\":[{\"@type\":\"ReadAction\",\"target\":[\"https:\/\/espaconovo.com\/en\/team\/\"]}]},{\"@type\":\"BreadcrumbList\",\"@id\":\"https:\/\/espaconovo.com\/en\/team\/#breadcrumb\",\"itemListElement\":[{\"@type\":\"ListItem\",\"position\":1,\"name\":\"In\u00edcio\",\"item\":\"https:\/\/espaconovo.com\/en\/\"},{\"@type\":\"ListItem\",\"position\":2,\"name\":\"team\"}]},{\"@type\":\"WebSite\",\"@id\":\"https:\/\/espaconovo.com\/en\/#website\",\"url\":\"https:\/\/espaconovo.com\/en\/\",\"name\":\"espa\u00e7onovo arquitetura\",\"description\":\"Somos uma empresa de arquitetura especializada em projetos de varejo, desde a cria\u00e7\u00e3o do conceito da loja at\u00e9 a sua implanta\u00e7\u00e3o final.\",\"publisher\":{\"@id\":\"https:\/\/espaconovo.com\/en\/#organization\"},\"alternateName\":\"espa\u00e7onovo arquitetura\",\"potentialAction\":[{\"@type\":\"SearchAction\",\"target\":{\"@type\":\"EntryPoint\",\"urlTemplate\":\"https:\/\/espaconovo.com\/en\/?s={search_term_string}\"},\"query-input\":\"required name=search_term_string\"}],\"inLanguage\":\"en-US\"},{\"@type\":\"Organization\",\"@id\":\"https:\/\/espaconovo.com\/en\/#organization\",\"name\":\"espa\u00e7onovo arquitetura\",\"alternateName\":\"espa\u00e7onovo arquitetura\",\"url\":\"https:\/\/espaconovo.com\/en\/\",\"logo\":{\"@type\":\"ImageObject\",\"inLanguage\":\"en-US\",\"@id\":\"https:\/\/espaconovo.com\/en\/#\/schema\/logo\/image\/\",\"url\":\"https:\/\/espaconovo.com\/wp-content\/uploads\/2022\/10\/espaconovo-logo-3.png\",\"contentUrl\":\"https:\/\/espaconovo.com\/wp-content\/uploads\/2022\/10\/espaconovo-logo-3.png\",\"width\":2479,\"height\":939,\"caption\":\"espa\u00e7onovo arquitetura\"},\"image\":{\"@id\":\"https:\/\/espaconovo.com\/en\/#\/schema\/logo\/image\/\"},\"sameAs\":[\"https:\/\/www.facebook.com\/espaconovoarq\/\",\"https:\/\/www.instagram.com\/espaconovoarq\/\",\"https:\/\/goo.gl\/maps\/cyEdC9Un6nqjq8dL8\"]}]}<\/script>\n<!-- \/ Yoast SEO plugin. -->","yoast_head_json":{"title":"team | espa\u00e7onovo arquitetura","description":"Meet the team of architects at espa\u00e7onovo arquitetura, a company based in S\u00e3o Paulo, Brazil, and specialized in retail architecture.","robots":{"index":"index","follow":"follow","max-snippet":"max-snippet:-1","max-image-preview":"max-image-preview:large","max-video-preview":"max-video-preview:-1"},"canonical":"https:\/\/espaconovo.com\/en\/team\/","og_locale":"en_US","og_type":"article","og_title":"team | espa\u00e7onovo arquitetura","og_description":"Meet the team of architects at espa\u00e7onovo arquitetura, a company based in S\u00e3o Paulo, Brazil, and specialized in retail architecture.","og_url":"https:\/\/espaconovo.com\/en\/team\/","og_site_name":"espa\u00e7onovo arquitetura","article_publisher":"https:\/\/www.facebook.com\/espaconovoarq\/","article_modified_time":"2023-07-17T16:01:49+00:00","og_image":[{"width":1320,"height":876,"url":"http:\/\/espaconovo.com\/wp-content\/uploads\/2023\/02\/221027_Espaco-Novo_001_Ricardo-Bassetti_7356-3.jpg","type":"image\/jpeg"}],"twitter_card":"summary_large_image","twitter_misc":{"Est. reading time":"1 minute"},"schema":{"@context":"https:\/\/schema.org","@graph":[{"@type":"WebPage","@id":"https:\/\/espaconovo.com\/en\/team\/","url":"https:\/\/espaconovo.com\/en\/team\/","name":"team | espa\u00e7onovo arquitetura","isPartOf":{"@id":"https:\/\/espaconovo.com\/en\/#website"},"datePublished":"2023-07-02T19:27:20+00:00","dateModified":"2023-07-17T16:01:49+00:00","description":"Meet the team of architects at espa\u00e7onovo arquitetura, a company based in S\u00e3o Paulo, Brazil, and specialized in retail architecture.","breadcrumb":{"@id":"https:\/\/espaconovo.com\/en\/team\/#breadcrumb"},"inLanguage":"en-US","potentialAction":[{"@type":"ReadAction","target":["https:\/\/espaconovo.com\/en\/team\/"]}]},{"@type":"BreadcrumbList","@id":"https:\/\/espaconovo.com\/en\/team\/#breadcrumb","itemListElement":[{"@type":"ListItem","position":1,"name":"In\u00edcio","item":"https:\/\/espaconovo.com\/en\/"},{"@type":"ListItem","position":2,"name":"team"}]},{"@type":"WebSite","@id":"https:\/\/espaconovo.com\/en\/#website","url":"https:\/\/espaconovo.com\/en\/","name":"espa\u00e7onovo arquitetura","description":"Somos uma empresa de arquitetura especializada em projetos de varejo, desde a cria\u00e7\u00e3o do conceito da loja at\u00e9 a sua implanta\u00e7\u00e3o final.","publisher":{"@id":"https:\/\/espaconovo.com\/en\/#organization"},"alternateName":"espa\u00e7onovo arquitetura","potentialAction":[{"@type":"SearchAction","target":{"@type":"EntryPoint","urlTemplate":"https:\/\/espaconovo.com\/en\/?s={search_term_string}"},"query-input":"required name=search_term_string"}],"inLanguage":"en-US"},{"@type":"Organization","@id":"https:\/\/espaconovo.com\/en\/#organization","name":"espa\u00e7onovo arquitetura","alternateName":"espa\u00e7onovo arquitetura","url":"https:\/\/espaconovo.com\/en\/","logo":{"@type":"ImageObject","inLanguage":"en-US","@id":"https:\/\/espaconovo.com\/en\/#\/schema\/logo\/image\/","url":"https:\/\/espaconovo.com\/wp-content\/uploads\/2022\/10\/espaconovo-logo-3.png","contentUrl":"https:\/\/espaconovo.com\/wp-content\/uploads\/2022\/10\/espaconovo-logo-3.png","width":2479,"height":939,"caption":"espa\u00e7onovo arquitetura"},"image":{"@id":"https:\/\/espaconovo.com\/en\/#\/schema\/logo\/image\/"},"sameAs":["https:\/\/www.facebook.com\/espaconovoarq\/","https:\/\/www.instagram.com\/espaconovoarq\/","https:\/\/goo.gl\/maps\/cyEdC9Un6nqjq8dL8"]}]}},"_links":{"self":[{"href":"https:\/\/espaconovo.com\/en\/wp-json\/wp\/v2\/pages\/26407"}],"collection":[{"href":"https:\/\/espaconovo.com\/en\/wp-json\/wp\/v2\/pages"}],"about":[{"href":"https:\/\/espaconovo.com\/en\/wp-json\/wp\/v2\/types\/page"}],"author":[{"embeddable":true,"href":"https:\/\/espaconovo.com\/en\/wp-json\/wp\/v2\/users\/2"}],"replies":[{"embeddable":true,"href":"https:\/\/espaconovo.com\/en\/wp-json\/wp\/v2\/comments?post=26407"}],"version-history":[{"count":17,"href":"https:\/\/espaconovo.com\/en\/wp-json\/wp\/v2\/pages\/26407\/revisions"}],"predecessor-version":[{"id":26770,"href":"https:\/\/espaconovo.com\/en\/wp-json\/wp\/v2\/pages\/26407\/revisions\/26770"}],"wp:attachment":[{"href":"https:\/\/espaconovo.com\/en\/wp-json\/wp\/v2\/media?parent=26407"}],"curies":[{"name":"wp","href":"https:\/\/api.w.org\/{rel}","templated":true}]}}